{"id":216,"date":"2023-03-19T22:34:05","date_gmt":"2023-03-19T22:34:05","guid":{"rendered":"https:\/\/debullar.com\/?page_id=216"},"modified":"2025-01-04T19:51:20","modified_gmt":"2025-01-04T19:51:20","slug":"politica_gestion","status":"publish","type":"page","link":"https:\/\/debullar.com\/gl\/politica_gestion\/","title":{"rendered":"Politica de xesti\u00f3n"},"content":{"rendered":"<div data-elementor-type=\"wp-page\" data-elementor-id=\"216\" class=\"elementor elementor-216\">\n\t\t\t\t\t\t\t\t\t<section class=\"elementor-section elementor-top-section elementor-element elementor-element-6c3f9dc elementor-section-boxed elementor-section-height-default elementor-section-height-default\" data-id=\"6c3f9dc\" data-element_type=\"section\">\n\t\t\t\t\t\t<div class=\"elementor-container elementor-column-gap-default\">\n\t\t\t\t\t<div class=\"elementor-column elementor-col-100 elementor-top-column elementor-element elementor-element-1bfadb7\" data-id=\"1bfadb7\" data-element_type=\"column\">\n\t\t\t<div class=\"elementor-widget-wrap elementor-element-populated\">\n\t\t\t\t\t\t\t\t<div class=\"elementor-element elementor-element-4040706 elementor-widget elementor-widget-heading\" data-id=\"4040706\" data-element_type=\"widget\" data-widget_type=\"heading.default\">\n\t\t\t\t<div class=\"elementor-widget-container\">\n\t\t\t<style>\/*! elementor - v3.11.5 - 14-03-2023 *\/\n.elementor-heading-title{padding:0;margin:0;line-height:1}.elementor-widget-heading .elementor-heading-title[class*=elementor-size-]>a{color:inherit;font-size:inherit;line-height:inherit}.elementor-widget-heading .elementor-heading-title.elementor-size-small{font-size:15px}.elementor-widget-heading .elementor-heading-title.elementor-size-medium{font-size:19px}.elementor-widget-heading .elementor-heading-title.elementor-size-large{font-size:29px}.elementor-widget-heading .elementor-heading-title.elementor-size-xl{font-size:39px}.elementor-widget-heading .elementor-heading-title.elementor-size-xxl{font-size:59px}<\/style><h2 class=\"elementor-heading-title elementor-size-default\">Pol\u00edtica de xesti\u00f3n<\/h2>\t\t<\/div>\n\t\t\t\t<\/div>\n\t\t\t\t\t<\/div>\n\t\t<\/div>\n\t\t\t\t\t\t\t<\/div>\n\t\t<\/section>\n\t\t\t\t<section class=\"elementor-section elementor-top-section elementor-element elementor-element-0018659 elementor-section-boxed elementor-section-height-default elementor-section-height-default\" data-id=\"0018659\" data-element_type=\"section\">\n\t\t\t\t\t\t<div class=\"elementor-container elementor-column-gap-default\">\n\t\t\t\t\t<div class=\"elementor-column elementor-col-100 elementor-top-column elementor-element elementor-element-88af539\" data-id=\"88af539\" data-element_type=\"column\">\n\t\t\t<div class=\"elementor-widget-wrap elementor-element-populated\">\n\t\t\t\t\t\t\t\t<div class=\"elementor-element elementor-element-35e3115 elementor-widget elementor-widget-text-editor\" data-id=\"35e3115\" data-element_type=\"widget\" data-widget_type=\"text-editor.default\">\n\t\t\t\t<div class=\"elementor-widget-container\">\n\t\t\t<style>\/*! elementor - v3.11.5 - 14-03-2023 *\/\n.elementor-widget-text-editor.elementor-drop-cap-view-stacked .elementor-drop-cap{background-color:#818a91;color:#fff}.elementor-widget-text-editor.elementor-drop-cap-view-framed .elementor-drop-cap{color:#818a91;border:3px solid;background-color:transparent}.elementor-widget-text-editor:not(.elementor-drop-cap-view-default) .elementor-drop-cap{margin-top:8px}.elementor-widget-text-editor:not(.elementor-drop-cap-view-default) .elementor-drop-cap-letter{width:1em;height:1em}.elementor-widget-text-editor .elementor-drop-cap{float:left;text-align:center;line-height:1;font-size:50px}.elementor-widget-text-editor .elementor-drop-cap-letter{display:inline-block}<\/style>\t\t\t\t<p><strong>Debullar S.L.P<\/strong> est\u00e1 comprometida co desarrollo e entrega de soluci\u00f3ns de software innovadoras e a medida para empresas de pequeno e mediano tama\u00f1o. Para cumplir con este compromiso, <strong>Debullar S.L.P<\/strong> conta cunha plantilla excepcional de persoas con dilatada experiencia.<\/p>\t\t\t\t\t\t<\/div>\n\t\t\t\t<\/div>\n\t\t\t\t<div class=\"elementor-element elementor-element-cd339d8 elementor-widget elementor-widget-text-editor\" data-id=\"cd339d8\" data-element_type=\"widget\" data-widget_type=\"text-editor.default\">\n\t\t\t\t<div class=\"elementor-widget-container\">\n\t\t\t\t\t\t\t<p>Define a s\u00faa Pol\u00edtica de Xesti\u00f3n co obxectivo fundamental de desarrollar de maneira consistente un entorno dixital intelixente que d\u00e9 soporte \u00e1 globalizaci\u00f3n e conexi\u00f3n das empresas \u00e1s que axudamos; mellorando a satisfacci\u00f3n do cliente a trav\u00e9s da aplicaci\u00f3n efectiva do sistema, inclu\u00eddos os procesos para a mellora do sistema e a garant\u00eda de conformidade co cliente e os requisitos legais e reglamentarios aplicables.<\/p>\t\t\t\t\t\t<\/div>\n\t\t\t\t<\/div>\n\t\t\t\t<div class=\"elementor-element elementor-element-ea0faf9 elementor-widget elementor-widget-text-editor\" data-id=\"ea0faf9\" data-element_type=\"widget\" data-widget_type=\"text-editor.default\">\n\t\t\t\t<div class=\"elementor-widget-container\">\n\t\t\t\t\t\t\t<p>A nosa MISI\u00d3N basease no noso af\u00e1n de dar soluci\u00f3ns a medida para pequenas e medianas empresas e mejorando en todas as actividades que desarrollamos e, por elo decidimos a implantaci\u00f3n dun Sistema Integrado de Xesti\u00f3n de Calidade baseado na norma internacional UNE-EN ISO 9001 que nos permita a mellora cont\u00ednua que sempre intenteamos manter e o cumprimiento de todos os nosos obxectivos co fin \u00faltimo de mellorar o servizo que <strong>Debullar S.L.P<\/strong>, presta a todos os seus clientes.<\/p>\t\t\t\t\t\t<\/div>\n\t\t\t\t<\/div>\n\t\t\t\t<div class=\"elementor-element elementor-element-dbb143a elementor-widget elementor-widget-text-editor\" data-id=\"dbb143a\" data-element_type=\"widget\" data-widget_type=\"text-editor.default\">\n\t\t\t\t<div class=\"elementor-widget-container\">\n\t\t\t\t\t\t\t<p>A VISI\u00d3N c\u00e9ntrase en convertirse nunha empresa cun reco\u00f1ecemento nos\u00a0produtos desarrollados e nun futuro o posicionamento dun software propio no mercado. Satisfacer as necesidades e expectativas dos clientes presentes e futuros. Para elo, desde <strong>Debullar S.L.P,<\/strong> partindo de s\u00f3lidos principios, mantendo os est\u00e1ndares de calidade e eficiencia a trav\u00e9s da mellora cont\u00ednua de toda a s\u00faa organizaci\u00f3n,\u00a0pret\u00e9ndese lograr a fidelizaci\u00f3n de todos os nosos clientes.<\/p>\t\t\t\t\t\t<\/div>\n\t\t\t\t<\/div>\n\t\t\t\t<div class=\"elementor-element elementor-element-188af1c elementor-widget elementor-widget-text-editor\" data-id=\"188af1c\" data-element_type=\"widget\" data-widget_type=\"text-editor.default\">\n\t\t\t\t<div class=\"elementor-widget-container\">\n\t\t\t\t\t\t\t<p>Sup\u00f3n un compromiso da Empresa e unha responsabilidade individual de cada membro do colectivo, o que se reflicte en acci\u00f3ns concretas que melloran a profesionalidade e a calidade de servizo nos seus produtos, todo elo como froito da mellora cont\u00ednua e a incesante b\u00fasca da cooperaci\u00f3n e satisfacci\u00f3n de Proveedores e Clientes.<\/p>\t\t\t\t\t\t<\/div>\n\t\t\t\t<\/div>\n\t\t\t\t<div class=\"elementor-element elementor-element-b1bbbc4 elementor-widget elementor-widget-text-editor\" data-id=\"b1bbbc4\" data-element_type=\"widget\" data-widget_type=\"text-editor.default\">\n\t\t\t\t<div class=\"elementor-widget-container\">\n\t\t\t\t\t\t\t<p>Por elo a Direcci\u00f3n, declara o Sistema de Xesti\u00f3n de Calidade, acorde aos\u00a0requerimientos da Norma Internacional UNE-EN-ISO 9001:2015, como obxjectivo\u00a0estrat\u00e9xico e prioritario, encontrando os seus fundamentos e compromisos no cumprimento\u00a0dos seguites puntos:<\/p>\t\t\t\t\t\t<\/div>\n\t\t\t\t<\/div>\n\t\t\t\t<div class=\"elementor-element elementor-element-ea22295 elementor-widget elementor-widget-text-editor\" data-id=\"ea22295\" data-element_type=\"widget\" data-widget_type=\"text-editor.default\">\n\t\t\t\t<div class=\"elementor-widget-container\">\n\t\t\t\t\t\t\t<ul><li>Adoptamos a m\u00e1xima de que, sendo a calidade do noso servizo un factor clave e necesario para a supervivencia da nosa empresa.<\/li><li>Ser\u00e1 este factor e a s\u00faa mellora continua responsabilidade de todas e cada unha das\u00a0persoas que integran a plantilla, asumindo todos os integrantes de <strong>Debullar S.L.P<\/strong>, o permanente compromiso polo cumplimento dos requisitos legais e reglamentarios aplicables, dos obxectivos da organizaci\u00f3n, as\u00ed como de outros requisitos que a organizaci\u00f3n subscriba relacionados \u00e1 hora de desarrollar o seu traballo.<\/li><li>A Calidade, ap\u00f3iase nun Plan de Mellora Continua tanto dos procesos de prestaci\u00f3n do servizo como da eficacia do Sistema de Xesti\u00f3n Integrado, no que a prevenci\u00f3n dos erros \u00e9 un aspecto fundamental.<\/li><li>Proxectar una imaxe cara o exterior de Debullar S.L.P enfocada cara unha mellora da satisfacci\u00f3n dos usuarios, para o cal formamos e sensibilizamos ao persoal nesta materia, favorecendo a participaci\u00f3n.\u00a0<\/li><li>Aumentar o rendemento e a eficacia xeral de Debullar S.L.P, tendo en conta as necesidades dos clientes e a evoluci\u00f3n que sofren as mesmas.<\/li><li>A Calidade e a s\u00faa mellora son responsabilidade de todos os integrantes de Debullar S.L.P empezando desde a propia direcci\u00f3n.<\/li><li>A Calidade obtense planificando, executando, revisando e mellorando o Sistema de Xesti\u00f3n, tendo presente en todo momento o contexto da organizaci\u00f3n, tanto interno como externo.<\/li><li>A Calidade dir\u00edxenos a prestar a m\u00e1xima atenci\u00f3n \u00e1 evoluci\u00f3n tecnol\u00f3xica e as posibles melloras que as novas tecnolox\u00edas puxeran \u00e1 nosa disposici\u00f3n.<\/li><li>A Calidade require da participaci\u00f3n e colaboraci\u00f3n de todos, polo que esta Pol\u00edtica \u00e9 difundida a todo o persoal da Empresa para o seu co\u00f1ecemento e comprensi\u00f3n.<\/li><\/ul>\t\t\t\t\t\t<\/div>\n\t\t\t\t<\/div>\n\t\t\t\t<div class=\"elementor-element elementor-element-f594c41 elementor-widget elementor-widget-text-editor\" data-id=\"f594c41\" data-element_type=\"widget\" data-widget_type=\"text-editor.default\">\n\t\t\t\t<div class=\"elementor-widget-container\">\n\t\t\t\t\t\t\t<p><strong>Debullar S.L.P<\/strong>, ten como prioridade b\u00e1sica e permanente a mellora cont\u00ednua dos procesos, mediante a busca da m\u00e1is alta calidade, de modo que sexan satisfeitas as expectativas dos nosos CLIENTES e PROVEEDORES (e de todas as partes interesadas) mediante o compromiso de toda a organizaci\u00f3n en cumplir cos s\u00faas necesidades y requisitos, as\u00ed como os requisitos legais e reglamentarios en materia ambiental, de calidade e de seguridade e sa\u00fade vixentes, os propios dos produtos\/servizos prestados, as\u00ed como outros requisitos que a empresa subscriba.<\/p>\t\t\t\t\t\t<\/div>\n\t\t\t\t<\/div>\n\t\t\t\t<div class=\"elementor-element elementor-element-e533632 elementor-widget elementor-widget-text-editor\" data-id=\"e533632\" data-element_type=\"widget\" data-widget_type=\"text-editor.default\">\n\t\t\t\t<div class=\"elementor-widget-container\">\n\t\t\t\t\t\t\t<p>A Xerencia establece as medidas necesarias para asegurar que esta pol\u00edtica \u00e9 difundida e extendida a todas as \u00e1reas da organizaci\u00f3n e se implanta, se revisa e se manten ao d\u00eda, adem\u00e1is de encontrarse a disposici\u00f3n do p\u00fablico respondendo positivamente \u00e1s lex\u00edtimas demandas de informaci\u00f3n.<\/p>\t\t\t\t\t\t<\/div>\n\t\t\t\t<\/div>\n\t\t\t\t<div class=\"elementor-element elementor-element-df4d9f8 elementor-widget elementor-widget-text-editor\" data-id=\"df4d9f8\" data-element_type=\"widget\" data-widget_type=\"text-editor.default\">\n\t\t\t\t<div class=\"elementor-widget-container\">\n\t\t\t\t\t\t\t<p>Este compromiso exixe actitudes de colaboraci\u00f3n e participaci\u00f3n a todos os niveis. Para elo, a informaci\u00f3n, comunicaci\u00f3n e aumento de competencia do persoal son indispensables. Desarrollaremos a nosa actividade tendo sempre presente que <span style=\"text-decoration: underline;\">O\u00a0<\/span><span style=\"text-decoration: underline;\">RESULTADO DE NUESTRO TRABAJO DEBER\u00c1<\/span>:<\/p>\t\t\t\t\t\t<\/div>\n\t\t\t\t<\/div>\n\t\t\t\t<div class=\"elementor-element elementor-element-6136ba8 elementor-widget elementor-widget-text-editor\" data-id=\"6136ba8\" data-element_type=\"widget\" data-widget_type=\"text-editor.default\">\n\t\t\t\t<div class=\"elementor-widget-container\">\n\t\t\t\t\t\t\t<h4>ASEGURAR A SATISFACCI\u00d3N DOS CLIENTES.<\/h4>\t\t\t\t\t\t<\/div>\n\t\t\t\t<\/div>\n\t\t\t\t<div class=\"elementor-element elementor-element-bd3a9ec elementor-widget elementor-widget-text-editor\" data-id=\"bd3a9ec\" data-element_type=\"widget\" data-widget_type=\"text-editor.default\">\n\t\t\t\t<div class=\"elementor-widget-container\">\n\t\t\t\t\t\t\t<p>As\u00ed, \u00e9 responsabilidade dos Xerentes e de todo o persoal de Debullar S.L.P, o correcto cumplimento destas directrices e a s\u00faa implantaci\u00f3n.\u00a0<\/p><p>Esta Pol\u00edtica del Sistema de Xesti\u00f3n servir\u00e1 como marco para o establecemento dos obxectivos anuais.<\/p><p>Ser\u00e1 revisada peri\u00f3dicamente co fin de verificar a s\u00faa adecuaci\u00f3n \u00e1 forma real de\u00a0<span style=\"background-color: var(--nv-site-bg); color: var(--nv-text-color); font-family: var(--bodyfontfamily),var(--nv-fallback-ff); font-size: var(--bodyfontsize); font-weight: var(--bodyfontweight); letter-spacing: var(--bodyletterspacing); text-transform: var(--bodytexttransform);\">actuar da Empresa. Co fin de que sexa co\u00f1ecida polo Persoal da Empresa, a\u00a0<\/span><span style=\"background-color: var(--nv-site-bg); color: var(--nv-text-color); font-family: var(--bodyfontfamily),var(--nv-fallback-ff); font-size: var(--bodyfontsize); font-weight: var(--bodyfontweight); letter-spacing: var(--bodyletterspacing); text-transform: var(--bodytexttransform);\">Pol\u00edtica del Sistema de Xesti\u00f3n ser\u00e1 exposta p\u00fablicamente nas instalaci\u00f3ns de\u00a0<\/span><strong><span style=\"background-color: var(--nv-site-bg); color: var(--nv-text-color); font-family: var(--bodyfontfamily),var(--nv-fallback-ff); font-size: var(--bodyfontsize); letter-spacing: var(--bodyletterspacing); text-transform: var(--bodytexttransform);\">Debullar S.L.P<\/span><\/strong><\/p>\t\t\t\t\t\t<\/div>\n\t\t\t\t<\/div>\n\t\t\t\t\t<\/div>\n\t\t<\/div>\n\t\t\t\t\t\t\t<\/div>\n\t\t<\/section>\n\t\t\t\t<section class=\"elementor-section elementor-top-section elementor-element elementor-element-dd3ae5f elementor-section-full_width elementor-section-height-default elementor-section-height-default\" data-id=\"dd3ae5f\" data-element_type=\"section\">\n\t\t\t\t\t\t<div class=\"elementor-container elementor-column-gap-default\">\n\t\t\t\t\t<div class=\"elementor-column elementor-col-100 elementor-top-column elementor-element elementor-element-0372abd\" data-id=\"0372abd\" data-element_type=\"column\">\n\t\t\t<div class=\"elementor-widget-wrap elementor-element-populated\">\n\t\t\t\t\t\t\t\t<div class=\"elementor-element elementor-element-2b2e71e elementor-absolute elementor-widget elementor-widget-image\" data-id=\"2b2e71e\" data-element_type=\"widget\" data-settings=\"{&quot;_position&quot;:&quot;absolute&quot;}\" data-widget_type=\"image.default\">\n\t\t\t\t<div class=\"elementor-widget-container\">\n\t\t\t<style>\/*! elementor - v3.11.5 - 14-03-2023 *\/\n.elementor-widget-image{text-align:center}.elementor-widget-image a{display:inline-block}.elementor-widget-image a img[src$=\".svg\"]{width:48px}.elementor-widget-image img{vertical-align:middle;display:inline-block}<\/style>\t\t\t\t\t\t\t\t\t\t\t\t<img loading=\"lazy\" decoding=\"async\" width=\"300\" height=\"64\" src=\"https:\/\/debullar.com\/wp-content\/uploads\/2023\/03\/Logo_horizontal-2-300x64.png\" class=\"attachment-medium size-medium wp-image-94\" alt=\"\" srcset=\"https:\/\/debullar.com\/wp-content\/uploads\/2023\/03\/Logo_horizontal-2-300x64.png 300w, https:\/\/debullar.com\/wp-content\/uploads\/2023\/03\/Logo_horizontal-2-1024x219.png 1024w, https:\/\/debullar.com\/wp-content\/uploads\/2023\/03\/Logo_horizontal-2-768x164.png 768w, https:\/\/debullar.com\/wp-content\/uploads\/2023\/03\/Logo_horizontal-2-1536x328.png 1536w, https:\/\/debullar.com\/wp-content\/uploads\/2023\/03\/Logo_horizontal-2-2048x438.png 2048w, https:\/\/debullar.com\/wp-content\/uploads\/2023\/03\/Logo_horizontal-2-18x4.png 18w\" sizes=\"(max-width: 300px) 100vw, 300px\" \/>\t\t\t\t\t\t\t\t\t\t\t\t\t\t\t<\/div>\n\t\t\t\t<\/div>\n\t\t\t\t\t<\/div>\n\t\t<\/div>\n\t\t\t\t\t\t\t<\/div>\n\t\t<\/section>\n\t\t\t\t\t\t\t<\/div>","protected":false},"excerpt":{"rendered":"<p>Pol\u00edtica de gesti\u00f3n Debullar S.L.P est\u00e1 comprometida con el desarrollo y entrega de soluciones de software innovadoras y a medida para empresas de peque\u00f1o y mediano tama\u00f1o. Para cumplir con este compromiso, Debullar S.L.P cuenta con una plantilla excepcional de personas con dilatada experiencia. Define su Pol\u00edtica de Gesti\u00f3n con el objetivo fundamental de desarrollar&hellip;&nbsp;<a href=\"https:\/\/debullar.com\/gl\/politica_gestion\/\" class=\"\" rel=\"bookmark\">Ler m\u00e1is &raquo;<span class=\"screen-reader-text\">Politica de xesti\u00f3n<\/span><\/a><\/p>","protected":false},"author":1,"featured_media":0,"parent":0,"menu_order":0,"comment_status":"closed","ping_status":"closed","template":"page-templates\/template-pagebuilder-full-width.php","meta":{"neve_meta_sidebar":"","neve_meta_container":"","neve_meta_enable_content_width":"","neve_meta_content_width":0,"neve_meta_title_alignment":"","neve_meta_author_avatar":"","neve_post_elements_order":"","neve_meta_disable_header":"","neve_meta_disable_footer":"","neve_meta_disable_title":"","neve_meta_reading_time":"","_themeisle_gutenberg_block_has_review":false,"_ti_tpc_template_sync":false,"_ti_tpc_template_id":"","footnotes":""},"yoast_head":"<!-- This site is optimized with the Yoast SEO plugin v21.4 - https:\/\/yoast.com\/wordpress\/plugins\/seo\/ -->\n<title>Politica de gesti\u00f3n - Debullar SLP<\/title>\n<meta name=\"robots\" content=\"index, follow, max-snippet:-1, max-image-preview:large, max-video-preview:-1\" \/>\n<link rel=\"canonical\" href=\"https:\/\/debullar.com\/gl\/politica_gestion\/\" \/>\n<meta property=\"og:locale\" content=\"gl_ES\" \/>\n<meta property=\"og:type\" content=\"article\" \/>\n<meta property=\"og:title\" content=\"Politica de gesti\u00f3n - Debullar SLP\" \/>\n<meta property=\"og:description\" content=\"Pol\u00edtica de gesti\u00f3n Debullar S.L.P est\u00e1 comprometida con el desarrollo y entrega de soluciones de software innovadoras y a medida para empresas de peque\u00f1o y mediano tama\u00f1o. Para cumplir con este compromiso, Debullar S.L.P cuenta con una plantilla excepcional de personas con dilatada experiencia. Define su Pol\u00edtica de Gesti\u00f3n con el objetivo fundamental de desarrollar&hellip;&nbsp;Ler m\u00e1is &raquo;Politica de gesti\u00f3n\" \/>\n<meta property=\"og:url\" content=\"https:\/\/debullar.com\/gl\/politica_gestion\/\" \/>\n<meta property=\"og:site_name\" content=\"Debullar SLP\" \/>\n<meta property=\"article:publisher\" content=\"https:\/\/www.facebook.com\/profile.php?id=100067090248959\" \/>\n<meta property=\"article:modified_time\" content=\"2025-01-04T19:51:20+00:00\" \/>\n<meta property=\"og:image\" content=\"https:\/\/debullar.com\/wp-content\/uploads\/2023\/03\/Logo_horizontal-2-300x64.png\" \/>\n<meta name=\"twitter:card\" content=\"summary_large_image\" \/>\n<meta name=\"twitter:site\" content=\"@debullarSoft\" \/>\n<meta name=\"twitter:label1\" content=\"Tempo de lectura\" \/>\n\t<meta name=\"twitter:data1\" content=\"5 minutos\" \/>\n<script type=\"application\/ld+json\" class=\"yoast-schema-graph\">{\"@context\":\"https:\/\/schema.org\",\"@graph\":[{\"@type\":\"WebPage\",\"@id\":\"https:\/\/debullar.com\/politica_gestion\/\",\"url\":\"https:\/\/debullar.com\/politica_gestion\/\",\"name\":\"Politica de gesti\u00f3n - Debullar SLP\",\"isPartOf\":{\"@id\":\"https:\/\/debullar.com\/#website\"},\"datePublished\":\"2023-03-19T22:34:05+00:00\",\"dateModified\":\"2025-01-04T19:51:20+00:00\",\"breadcrumb\":{\"@id\":\"https:\/\/debullar.com\/politica_gestion\/#breadcrumb\"},\"inLanguage\":\"gl-ES\",\"potentialAction\":[{\"@type\":\"ReadAction\",\"target\":[\"https:\/\/debullar.com\/politica_gestion\/\"]}]},{\"@type\":\"BreadcrumbList\",\"@id\":\"https:\/\/debullar.com\/politica_gestion\/#breadcrumb\",\"itemListElement\":[{\"@type\":\"ListItem\",\"position\":1,\"name\":\"Portada\",\"item\":\"https:\/\/debullar.com\/\"},{\"@type\":\"ListItem\",\"position\":2,\"name\":\"Politica de gesti\u00f3n\"}]},{\"@type\":\"WebSite\",\"@id\":\"https:\/\/debullar.com\/#website\",\"url\":\"https:\/\/debullar.com\/\",\"name\":\"Debullar\",\"description\":\"\",\"publisher\":{\"@id\":\"https:\/\/debullar.com\/#organization\"},\"potentialAction\":[{\"@type\":\"SearchAction\",\"target\":{\"@type\":\"EntryPoint\",\"urlTemplate\":\"https:\/\/debullar.com\/?s={search_term_string}\"},\"query-input\":\"required name=search_term_string\"}],\"inLanguage\":\"gl-ES\"},{\"@type\":\"Organization\",\"@id\":\"https:\/\/debullar.com\/#organization\",\"name\":\"Debullar\",\"url\":\"https:\/\/debullar.com\/\",\"logo\":{\"@type\":\"ImageObject\",\"inLanguage\":\"gl-ES\",\"@id\":\"https:\/\/debullar.com\/#\/schema\/logo\/image\/\",\"url\":\"https:\/\/debullar.com\/wp-content\/uploads\/2023\/03\/Logo_horizontal-2.png\",\"contentUrl\":\"https:\/\/debullar.com\/wp-content\/uploads\/2023\/03\/Logo_horizontal-2.png\",\"width\":3311,\"height\":708,\"caption\":\"Debullar\"},\"image\":{\"@id\":\"https:\/\/debullar.com\/#\/schema\/logo\/image\/\"},\"sameAs\":[\"https:\/\/www.facebook.com\/profile.php?id=100067090248959\",\"https:\/\/twitter.com\/debullarSoft\",\"https:\/\/www.instagram.com\/debullar\/\"]}]}<\/script>\n<!-- \/ Yoast SEO plugin. -->","yoast_head_json":{"title":"Politica de gesti\u00f3n - Debullar SLP","robots":{"index":"index","follow":"follow","max-snippet":"max-snippet:-1","max-image-preview":"max-image-preview:large","max-video-preview":"max-video-preview:-1"},"canonical":"https:\/\/debullar.com\/gl\/politica_gestion\/","og_locale":"gl_ES","og_type":"article","og_title":"Politica de gesti\u00f3n - Debullar SLP","og_description":"Pol\u00edtica de gesti\u00f3n Debullar S.L.P est\u00e1 comprometida con el desarrollo y entrega de soluciones de software innovadoras y a medida para empresas de peque\u00f1o y mediano tama\u00f1o. Para cumplir con este compromiso, Debullar S.L.P cuenta con una plantilla excepcional de personas con dilatada experiencia. Define su Pol\u00edtica de Gesti\u00f3n con el objetivo fundamental de desarrollar&hellip;&nbsp;Ler m\u00e1is &raquo;Politica de gesti\u00f3n","og_url":"https:\/\/debullar.com\/gl\/politica_gestion\/","og_site_name":"Debullar SLP","article_publisher":"https:\/\/www.facebook.com\/profile.php?id=100067090248959","article_modified_time":"2025-01-04T19:51:20+00:00","og_image":[{"url":"https:\/\/debullar.com\/wp-content\/uploads\/2023\/03\/Logo_horizontal-2-300x64.png"}],"twitter_card":"summary_large_image","twitter_site":"@debullarSoft","twitter_misc":{"Tempo de lectura":"5 minutos"},"schema":{"@context":"https:\/\/schema.org","@graph":[{"@type":"WebPage","@id":"https:\/\/debullar.com\/politica_gestion\/","url":"https:\/\/debullar.com\/politica_gestion\/","name":"Politica de gesti\u00f3n - Debullar SLP","isPartOf":{"@id":"https:\/\/debullar.com\/#website"},"datePublished":"2023-03-19T22:34:05+00:00","dateModified":"2025-01-04T19:51:20+00:00","breadcrumb":{"@id":"https:\/\/debullar.com\/politica_gestion\/#breadcrumb"},"inLanguage":"gl-ES","potentialAction":[{"@type":"ReadAction","target":["https:\/\/debullar.com\/politica_gestion\/"]}]},{"@type":"BreadcrumbList","@id":"https:\/\/debullar.com\/politica_gestion\/#breadcrumb","itemListElement":[{"@type":"ListItem","position":1,"name":"Portada","item":"https:\/\/debullar.com\/"},{"@type":"ListItem","position":2,"name":"Politica de gesti\u00f3n"}]},{"@type":"WebSite","@id":"https:\/\/debullar.com\/#website","url":"https:\/\/debullar.com\/","name":"Debullar","description":"","publisher":{"@id":"https:\/\/debullar.com\/#organization"},"potentialAction":[{"@type":"SearchAction","target":{"@type":"EntryPoint","urlTemplate":"https:\/\/debullar.com\/?s={search_term_string}"},"query-input":"required name=search_term_string"}],"inLanguage":"gl-ES"},{"@type":"Organization","@id":"https:\/\/debullar.com\/#organization","name":"Debullar","url":"https:\/\/debullar.com\/","logo":{"@type":"ImageObject","inLanguage":"gl-ES","@id":"https:\/\/debullar.com\/#\/schema\/logo\/image\/","url":"https:\/\/debullar.com\/wp-content\/uploads\/2023\/03\/Logo_horizontal-2.png","contentUrl":"https:\/\/debullar.com\/wp-content\/uploads\/2023\/03\/Logo_horizontal-2.png","width":3311,"height":708,"caption":"Debullar"},"image":{"@id":"https:\/\/debullar.com\/#\/schema\/logo\/image\/"},"sameAs":["https:\/\/www.facebook.com\/profile.php?id=100067090248959","https:\/\/twitter.com\/debullarSoft","https:\/\/www.instagram.com\/debullar\/"]}]}},"_links":{"self":[{"href":"https:\/\/debullar.com\/gl\/wp-json\/wp\/v2\/pages\/216"}],"collection":[{"href":"https:\/\/debullar.com\/gl\/wp-json\/wp\/v2\/pages"}],"about":[{"href":"https:\/\/debullar.com\/gl\/wp-json\/wp\/v2\/types\/page"}],"author":[{"embeddable":true,"href":"https:\/\/debullar.com\/gl\/wp-json\/wp\/v2\/users\/1"}],"replies":[{"embeddable":true,"href":"https:\/\/debullar.com\/gl\/wp-json\/wp\/v2\/comments?post=216"}],"version-history":[{"count":11,"href":"https:\/\/debullar.com\/gl\/wp-json\/wp\/v2\/pages\/216\/revisions"}],"predecessor-version":[{"id":431,"href":"https:\/\/debullar.com\/gl\/wp-json\/wp\/v2\/pages\/216\/revisions\/431"}],"wp:attachment":[{"href":"https:\/\/debullar.com\/gl\/wp-json\/wp\/v2\/media?parent=216"}],"curies":[{"name":"wp","href":"https:\/\/api.w.org\/{rel}","templated":true}]}}